{"id":1613,"date":"2024-05-15T15:42:53","date_gmt":"2024-05-15T15:42:53","guid":{"rendered":"https:\/\/frankit-solutions.com\/?page_id=1613"},"modified":"2024-05-15T15:54:41","modified_gmt":"2024-05-15T15:54:41","slug":"nettisivut-yrittajalle-edullisesti-pori","status":"publish","type":"page","link":"https:\/\/frankit-solutions.com\/en\/nettisivut-yrittajalle-edullisesti-pori\/","title":{"rendered":"Nettisivut yritt\u00e4j\u00e4lle edullisesti Pori"},"content":{"rendered":"<div class=\"wp-block-cover alignfull is-light wp-block-section wp-block-header-media-no-image wp-duotone-000000-rgb698126-1\"><span aria-hidden=\"true\" class=\"wp-block-cover__background has-background-background-color has-background-dim-0 has-background-dim\"><\/span><video class=\"wp-block-cover__video-background intrinsic-ignore\" autoplay muted loop playsinline src=\"https:\/\/frankit-solutions.com\/wp-content\/uploads\/2023\/07\/network_-_45961-720p-2.mp4\" data-object-fit=\"cover\"><\/video><div class=\"wp-block-cover__inner-container is-layout-flow wp-block-cover-is-layout-flow\">\n<div class=\"wp-block-group is-layout-constrained wp-block-group-is-layout-constrained\">\n<div class=\"wp-block-group header-title-wrapper is-content-justification-center is-layout-constrained wp-container-core-group-is-layout-4 wp-block-group-is-layout-constrained\">\n<div class=\"wp-block-group header-animate-wrap is-layout-constrained wp-block-group-is-layout-constrained\">\n<h2 class=\"wp-block-heading has-text-align-center header-animate has-foreground-color has-text-color has-link-color has-large-font-size wp-elements-ae54c60f6e7221a0b94cdbab4075f36b\" style=\"font-style:normal;font-weight:500\"><strong>Edulliset ja<\/strong><\/h2>\n<\/div>\n\n\n\n<div class=\"wp-block-group header-animate-wrap is-layout-constrained wp-block-group-is-layout-constrained\">\n<h2 class=\"wp-block-heading has-text-align-center header-animate has-body-text-color has-text-color has-large-font-size\" style=\"font-style:normal;font-weight:500\"><strong>erottuvat nettisivut<\/strong><\/h2>\n<\/div>\n\n\n\n<div class=\"wp-block-group header-animate-wrap is-layout-constrained wp-block-group-is-layout-constrained\">\n<h1 class=\"wp-block-heading has-text-align-center header-animate has-foreground-color has-text-color has-link-color has-large-font-size wp-elements-286f5f2374585dc922885c53b6dfa8ee\" style=\"font-style:normal;font-weight:500\"><strong>Porissa ja koko Suomen alueella<\/strong><\/h1>\n<\/div>\n<\/div>\n\n\n\n<div class=\"wp-block-buttons is-content-justification-center is-layout-flex wp-container-core-buttons-is-layout-1 wp-block-buttons-is-layout-flex\" style=\"margin-top:14px\">\n<div class=\"wp-block-button is-style-outline\"><a class=\"wp-block-button__link has-foreground-color has-text-color wp-element-button\" href=\"#hyy-for\" style=\"border-radius:20px\">Contact us<\/a><\/div>\n\n\n\n<div class=\"wp-block-button\"><a class=\"wp-block-button__link wp-element-button\" href=\"https:\/\/frankit-solutions.com\/en\/nettisivut\/#hinta-paketit\" style=\"border-radius:15px\">Price packages<\/a><\/div>\n<\/div>\n<\/div>\n<\/div><\/div>\n\n\n\n<div style=\"height:50px\" aria-hidden=\"true\" class=\"wp-block-spacer\"><\/div>\n\n\n\n<div class=\"wp-block-media-text alignwide is-stacked-on-mobile is-vertically-aligned-top\"><figure class=\"wp-block-media-text__media\"><img loading=\"lazy\" decoding=\"async\" width=\"1024\" height=\"681\" src=\"https:\/\/frankit-solutions.com\/wp-content\/uploads\/2023\/10\/konevalmis2-1-1024x681.png\" alt=\"\" class=\"wp-image-556 size-full\" srcset=\"https:\/\/frankit-solutions.com\/wp-content\/uploads\/2023\/10\/konevalmis2-1-1024x681.png 1024w, https:\/\/frankit-solutions.com\/wp-content\/uploads\/2023\/10\/konevalmis2-1-300x200.png 300w, https:\/\/frankit-solutions.com\/wp-content\/uploads\/2023\/10\/konevalmis2-1-768x511.png 768w, https:\/\/frankit-solutions.com\/wp-content\/uploads\/2023\/10\/konevalmis2-1-1536x1022.png 1536w, https:\/\/frankit-solutions.com\/wp-content\/uploads\/2023\/10\/konevalmis2-1-2048x1362.png 2048w\" sizes=\"(max-width: 1024px) 100vw, 1024px\" \/><\/figure><div class=\"wp-block-media-text__content\">\n<h2 class=\"wp-block-heading has-large-font-size\">Internet-sivujen suunnittelu ja toteutus edullisesti<\/h2>\n\n\n\n<p>Tarvitsetko uudet nettisivut yrityksellesi tai muuhun k\u00e4ytt\u00f6\u00f6n? Frank IT-Solution tarjoaa huipputason nettisivut markkinoiden edullisimpaan hintaan laadusta tinkim\u00e4tt\u00e4. Nettisivut tulevat valmiiksi hakukone- ja nopeusoptimoituina ja ovat tehty helposti p\u00e4ivitett\u00e4v\u00e4ll\u00e4 WordPress ty\u00f6kalulla. Nettisivut valmistetaan aina asiakkaan br\u00e4ndi-ilmeeseen sopivaksi ja sis\u00e4lt\u00e4v\u00e4t 100% tyytyv\u00e4isyys takuun. Teemme my\u00f6s valmiiden vanhojen nettisivujen p\u00e4ivityksi\u00e4 nykyaikaan. Ota yhteytt\u00e4 ja nykyaikasta yrityksesi! <\/p>\n\n\n\n<div class=\"wp-block-buttons is-layout-flex wp-block-buttons-is-layout-flex\">\n<div class=\"wp-block-button aos-fade-right is-style-fill\"><a class=\"wp-block-button__link wp-element-button\" href=\"#hyy-for\" style=\"border-style:none;border-width:0px;border-radius:15px\">Contact us<\/a><\/div>\n\n\n\n<div class=\"wp-block-button aos-fade-right is-style-fill\"><a class=\"wp-block-button__link wp-element-button\" href=\"https:\/\/frankit-solutions.com\/en\/nettisivut\/\" style=\"border-style:none;border-width:0px;border-radius:15px\">Read more<\/a><\/div>\n<\/div>\n<\/div><\/div>\n\n\n\n<div style=\"height:100px\" aria-hidden=\"true\" class=\"wp-block-spacer\"><\/div>\n\n\n\n<h2 class=\"wp-block-heading has-large-font-size\">Contact us and modernize your company!<\/h2>\n\n\n\n<div id=\"hyy-for\" class=\"wp-block-group is-layout-constrained wp-block-group-is-layout-constrained\"><div class='fluentform ff-default fluentform_wrapper_4  ff_guten_block ffs_default_wrap'><form data-form_id=\"4\" id=\"fluentform_4\" class=\"frm-fluent-form fluent_form_4 ff-el-form-top ff_form_instance_4_1 ff-form-loading ffs_default\" data-form_instance=\"ff_form_instance_4_1\" method=\"POST\" ><fieldset  style=\"border: none!important;margin: 0!important;padding: 0!important;background-color: transparent!important;box-shadow: none!important;outline: none!important; min-inline-size: 100%;\">\n                    <legend class=\"ff_screen_reader_title\" style=\"display: block; margin: 0!important;padding: 0!important;height: 0!important;text-indent: -999999px;width: 0!important;overflow:hidden;\">Yhteydenottolomake<\/legend><input type='hidden' name='__fluent_form_embded_post_id' value='1613' \/><input type=\"hidden\" id=\"_fluentform_4_fluentformnonce\" name=\"_fluentform_4_fluentformnonce\" value=\"65a8b3fe11\" \/><input type=\"hidden\" name=\"_wp_http_referer\" value=\"\/en\/wp-json\/wp\/v2\/pages\/1613\" \/><div data-type=\"name-element\" data-name=\"names\" class=\"ff-field_container ff-name-field-wrapper\" ><div class='ff-t-container'><div class='ff-t-cell'><div class='ff-el-group'><div class=\"ff-el-input--label ff-el-is-required asterisk-right\"><label for='ff_4_names_first_name_' aria-label=\"First name\">First name<\/label><\/div><div class='ff-el-input--content'><input type=\"text\" name=\"names[first_name]\" id=\"ff_4_names_first_name_\" class=\"ff-el-form-control\" placeholder=\"First name\" aria-invalid=\"false\" aria-required=\"true\"><\/div><\/div><\/div><div class='ff-t-cell'><div class='ff-el-group'><div class=\"ff-el-input--label ff-el-is-required asterisk-right\"><label for='ff_4_names_last_name_' aria-label=\"Last name\">Last name<\/label><\/div><div class='ff-el-input--content'><input type=\"text\" name=\"names[last_name]\" id=\"ff_4_names_last_name_\" class=\"ff-el-form-control\" placeholder=\"Last name\" aria-invalid=\"false\" aria-required=\"true\"><\/div><\/div><\/div><\/div><\/div><div data-type=\"name-element\" data-name=\"names_1\" class=\"ff-field_container ff-name-field-wrapper\" ><div class='ff-t-container'><div class='ff-t-cell'><div class='ff-el-group  ff-el-form-top'><div class=\"ff-el-input--label asterisk-right\"><label for='ff_4_names_1_first_name_' aria-label=\"Company\">Company<\/label><\/div><div class='ff-el-input--content'><input type=\"text\" name=\"names_1[first_name]\" id=\"ff_4_names_1_first_name_\" class=\"ff-el-form-control\" placeholder=\"Company\" aria-invalid=\"false\" aria-required=\"false\"><\/div><\/div><\/div><\/div><\/div><div class='ff-el-group'><div class=\"ff-el-input--label ff-el-is-required asterisk-right\"><label for='ff_4_email' aria-label=\"Email\">Email<\/label><\/div><div class='ff-el-input--content'><input type=\"email\" name=\"email\" id=\"ff_4_email\" class=\"ff-el-form-control\" placeholder=\"Email\" data-name=\"email\"  aria-invalid=\"false\" aria-required=\"true\"><\/div><\/div><div class='ff-el-group'><div class=\"ff-el-input--label ff-el-is-required asterisk-right\"><label for='ff_4_numeric-field' aria-label=\"Phone number\">Phone number<\/label><\/div><div class='ff-el-input--content'><input type=\"number\" name=\"numeric-field\" id=\"ff_4_numeric-field\" class=\"ff-el-form-control\" placeholder=\"+358...\" data-name=\"numeric-field\" inputmode=\"numeric\" step=\"any\"  aria-invalid=\"false\" aria-required=\"true\"><\/div><\/div><div class='ff-el-group'><div class=\"ff-el-input--label ff-el-is-required asterisk-right\"><label for='ff_4_dropdown_3' aria-label=\"services\">services<\/label><\/div><div class='ff-el-input--content'><select name=\"dropdown_3\" id=\"ff_4_dropdown_3\" class=\"ff-el-form-control\" data-name=\"dropdown_3\" data-calc_value=\"0\"  aria-invalid=\"false\" aria-required=\"true\"><option value=\"\">How can we help?<\/option><option value=\"Br\u00e4ndisuunnittelu\"  >Brand design<\/option><option value=\"Nettisivut\"  >Websites<\/option><option value=\"Google Ads\"  >Google Ads<\/option><option value=\"Hakukoneoptimointi\"  >Search engine optimization<\/option><option value=\"Kuvank\u00e4sittely\"  >Photoshop<\/option><\/select><\/div><\/div><div class='ff-el-group'><div class=\"ff-el-input--label asterisk-right\"><label for='ff_4_message' aria-label=\"Message field\">Message field<\/label><\/div><div class='ff-el-input--content'><textarea aria-invalid=\"false\" aria-required=\"false\" name=\"message\" id=\"ff_4_message\" class=\"ff-el-form-control\" placeholder=\"Please provide more information here.\" rows=\"8\" cols=\"2\" data-name=\"message\" ><\/textarea><\/div><\/div><div class='ff-el-group ff-text-center ff_submit_btn_wrapper'><button type=\"submit\" class=\"ff-btn ff-btn-submit ff-btn-md ff_btn_style wpf_has_custom_css\" >Send<\/button><\/div><\/fieldset><input type=\"hidden\" name=\"trp-form-language\" value=\"en\"\/><\/form><div id='fluentform_4_errors' class='ff-errors-in-stack ff_form_instance_4_1 ff-form-loading_errors ff_form_instance_4_1_errors'><\/div><\/div>        <script type=\"text\/javascript\">\n            window.fluent_form_ff_form_instance_4_1 = {\"id\":\"4\",\"settings\":{\"layout\":{\"labelPlacement\":\"top\",\"helpMessagePlacement\":\"with_label\",\"errorMessagePlacement\":\"inline\",\"cssClassName\":\"\",\"asteriskPlacement\":\"asterisk-right\"},\"restrictions\":{\"denyEmptySubmission\":{\"enabled\":false}}},\"form_instance\":\"ff_form_instance_4_1\",\"form_id_selector\":\"fluentform_4\",\"rules\":{\"names[first_name]\":{\"required\":{\"value\":true,\"message\":\"Pakollinen tieto\"}},\"names[middle_name]\":{\"required\":{\"value\":false,\"message\":\"This field is required\"}},\"names[last_name]\":{\"required\":{\"value\":true,\"message\":\"Pakollinen tieto\"}},\"names_1[first_name]\":{\"required\":{\"value\":false,\"message\":\"This field is required\"}},\"names_1[middle_name]\":{\"required\":{\"value\":false,\"message\":\"This field is required\"}},\"names_1[last_name]\":{\"required\":{\"value\":false,\"message\":\"This field is required\"}},\"email\":{\"required\":{\"value\":true,\"message\":\"Pakollinen tieto\"},\"email\":{\"value\":true,\"message\":\"S\\u00e4hk\\u00f6postit eiv\\u00e4t t\\u00e4sm\\u00e4\\u00e4\"}},\"numeric-field\":{\"required\":{\"value\":true,\"message\":\"Pakollinen tieto\"},\"numeric\":{\"value\":true,\"message\":\"This field must contain numeric value\"},\"min\":{\"value\":\"\",\"message\":\"Minimum value is \"},\"max\":{\"value\":\"\",\"message\":\"Maximum value is \"},\"digits\":{\"value\":\"\",\"message\":\"The number of digits has to be \"}},\"dropdown_3\":{\"required\":{\"value\":true,\"message\":\"Pakollinen tieto\"}},\"message\":{\"required\":{\"value\":false,\"message\":\"This field is required\"}}},\"debounce_time\":300};\n                    <\/script>\n        \n\n\n<div style=\"height:100px\" aria-hidden=\"true\" class=\"wp-block-spacer\"><\/div>\n\n\n\n<p class=\"has-text-align-center has-body-text-color has-text-color has-link-color has-extra-small-font-size wp-elements-48719b5058c9714c790bfad0a8f77a37\">Avainsanoja<\/p>\n\n\n\n<p class=\"has-text-align-center has-tiny-font-size\">Kotisivut Pori, Kotisivut Yritykselle Pori, Nettisivujen Teko Pori, Pienyritt\u00e4j\u00e4n Kotisivut Pori, Sivusto Pori, WordPress Koulutus Pori, WordPress Kotisivut Pori, Kotisivujen Teko Pori, Nettisivut Pori, Kotisivut Pori, Webhotelli Pori, Hosting Pori, Domain Pori, Verkkotunnus Pori, Nettisivut Yritykselle Pori, Nettisivut Edullisesti Pori, Nettisivujen Teko Pori, Website Pori, Nettisivujen Teko Hinta Pori, Nettisivujen Hinta Pori, Nettisivut Hinta Pori, Nettisivu Teko Hinta Pori, Kotisivujen Hinta Pori, Kotisivujen Teko Hinta Pori, Kotisivut Hinta Pori, Kotisivut Teko Hinta Pori, Pienyritt\u00e4j\u00e4n Kotisivut Pori, Pienyritt\u00e4j\u00e4n Nettisivut Pori, WordPress Pori, Sivuston Pori, Sivusto Pori, Sivun Pori, WordPress Hinta Pori, Web Desing Pori, Webdesing Pori, Verkkosivut Yritykselle Pori, Verkkosivut Hinta Pori, Verkkosivujen Teko Pori, Verkkosivut Teko Hinta Pori, Verkkosivujen Teko Hinta Pori, Kotisivujen Hinta Pori, Webdeveloper Pori, Web Developer Pori, Webmaster Pori, Web Master Pori, Web Pori, Web Desinger Pori, Webdesinger Pori, Web Sivut Pori, Web Sivu Pori, Webmail Pori, Kotisivu Pori, Nettisivu Pori, Verkkosivu Pori, InterNettisivu Pori, Domain Haku Pori, Domainhaku Pori, Domain Rekister\u00f6inti Pori, Verkkotunnus Rekister\u00f6inti Pori, Parhaat Kotisivut Pori, Edullinen Kotisivu Pori, Edullinen Nettisivu Pori, Edullinen Verkkosivu Pori, Halpa Nettisivu Pori, Halpa Verkkosivu Pori, Halpa Kotisivu Pori, Laadukas Nettisivu Pori, Laadukas Verkkosivu Pori, Laadukas Kotisivu Pori, Yll\u00e4pito Pori, Nettisivu Yll\u00e4pito Pori, Verkkosivu Yll\u00e4pito Pori, Kotisivu Yll\u00e4pito Pori, Kotisivu Muokkaus Pori, Kotisivun Muokkaus Pori, Nettisivu Muokkaus Pori, Nettisivun Muokkaus Pori, Verkkosivu Muokkaus Pori, Verkkosivun Muokkaus Pori, Nettisivu P\u00e4ivitys Pori, Nettisivun P\u00e4ivitys Pori, Kotisivu P\u00e4ivitys Pori, Kotisivun P\u00e4ivitys Pori, Verkkosivu P\u00e4ivitys Pori, Verkkosivun P\u00e4ivitys Pori, Nettisivu Pori, Nettisivut Pori, Nettisivujen Pori, Nettisivuista Pori, Kotisivu Pori, Kotisivut Pori, Verkkosivut Pori<\/p>\n<\/div>","protected":false},"excerpt":{"rendered":"<p>Ota yhteytt\u00e4 ja nykyaikaista yrityksesi! Avainsanoja Kotisivut Pori, Kotisivut Yritykselle Pori, Nettisivujen Teko Pori, Pienyritt\u00e4j\u00e4n Kotisivut Pori, Sivusto Pori, WordPress Koulutus Pori, WordPress Kotisivut Pori, Kotisivujen Teko Pori, Nettisivut Pori, Kotisivut Pori, Webhotelli Pori, Hosting Pori, Domain Pori, Verkkotunnus Pori, Nettisivut Yritykselle Pori, Nettisivut Edullisesti Pori, Nettisivujen Teko Pori, Website Pori, Nettisivujen Teko Hinta Pori, [&hellip;]<\/p>","protected":false},"author":1,"featured_media":0,"parent":0,"menu_order":0,"comment_status":"closed","ping_status":"closed","template":"","meta":{"footnotes":""},"yoast_head":"<!-- This site is optimized with the Yoast SEO plugin v23.8 - https:\/\/yoast.com\/wordpress\/plugins\/seo\/ -->\n<title>Nettisivut yritt\u00e4j\u00e4lle edullisesti Pori - Frank IT-Solutions<\/title>\n<meta name=\"description\" content=\"Frank IT-Solutions tarjoaa edullisia ja laadukkaita digimarkkinoinnin ratkaisuja. Projekteissamme meille on t\u00e4rkeint\u00e4 asiakkaan tyytyv\u00e4isyys ja asiakkaan br\u00e4ndin arvojen korostuminen suunnittelu ratkaisuissamme.\" \/>\n<meta name=\"robots\" content=\"index, follow, max-snippet:-1, max-image-preview:large, max-video-preview:-1\" \/>\n<link rel=\"canonical\" href=\"https:\/\/frankit-solutions.com\/en\/nettisivut-yrittajalle-edullisesti-pori\/\" \/>\n<meta property=\"og:locale\" content=\"en_US\" \/>\n<meta property=\"og:type\" content=\"article\" \/>\n<meta property=\"og:title\" content=\"Nettisivut yritt\u00e4j\u00e4lle edullisesti Pori - Frank IT-Solutions\" \/>\n<meta property=\"og:description\" content=\"Frank IT-Solutions tarjoaa edullisia ja laadukkaita digimarkkinoinnin ratkaisuja. Projekteissamme meille on t\u00e4rkeint\u00e4 asiakkaan tyytyv\u00e4isyys ja asiakkaan br\u00e4ndin arvojen korostuminen suunnittelu ratkaisuissamme.\" \/>\n<meta property=\"og:url\" content=\"https:\/\/frankit-solutions.com\/en\/nettisivut-yrittajalle-edullisesti-pori\/\" \/>\n<meta property=\"og:site_name\" content=\"Frank IT-Solutions\" \/>\n<meta property=\"article:modified_time\" content=\"2024-05-15T15:54:41+00:00\" \/>\n<meta property=\"og:image\" content=\"https:\/\/frankit-solutions.com\/wp-content\/uploads\/2023\/10\/konevalmis2-1-1024x681.png\" \/>\n<meta name=\"twitter:card\" content=\"summary_large_image\" \/>\n<meta name=\"twitter:site\" content=\"@LehtinenJim\" \/>\n<meta name=\"twitter:label1\" content=\"Est. reading time\" \/>\n\t<meta name=\"twitter:data1\" content=\"2 minutes\" \/>\n<script type=\"application\/ld+json\" class=\"yoast-schema-graph\">{\"@context\":\"https:\/\/schema.org\",\"@graph\":[{\"@type\":\"WebPage\",\"@id\":\"https:\/\/frankit-solutions.com\/nettisivut-yrittajalle-edullisesti-pori\/\",\"url\":\"https:\/\/frankit-solutions.com\/nettisivut-yrittajalle-edullisesti-pori\/\",\"name\":\"Nettisivut yritt\u00e4j\u00e4lle edullisesti Pori - Frank IT-Solutions\",\"isPartOf\":{\"@id\":\"https:\/\/frankit-solutions.com\/#website\"},\"primaryImageOfPage\":{\"@id\":\"https:\/\/frankit-solutions.com\/nettisivut-yrittajalle-edullisesti-pori\/#primaryimage\"},\"image\":{\"@id\":\"https:\/\/frankit-solutions.com\/nettisivut-yrittajalle-edullisesti-pori\/#primaryimage\"},\"thumbnailUrl\":\"https:\/\/frankit-solutions.com\/wp-content\/uploads\/2023\/10\/konevalmis2-1-1024x681.png\",\"datePublished\":\"2024-05-15T15:42:53+00:00\",\"dateModified\":\"2024-05-15T15:54:41+00:00\",\"description\":\"Frank IT-Solutions tarjoaa edullisia ja laadukkaita digimarkkinoinnin ratkaisuja. Projekteissamme meille on t\u00e4rkeint\u00e4 asiakkaan tyytyv\u00e4isyys ja asiakkaan br\u00e4ndin arvojen korostuminen suunnittelu ratkaisuissamme.\",\"breadcrumb\":{\"@id\":\"https:\/\/frankit-solutions.com\/nettisivut-yrittajalle-edullisesti-pori\/#breadcrumb\"},\"inLanguage\":\"en-US\",\"potentialAction\":[{\"@type\":\"ReadAction\",\"target\":[\"https:\/\/frankit-solutions.com\/nettisivut-yrittajalle-edullisesti-pori\/\"]}]},{\"@type\":\"ImageObject\",\"inLanguage\":\"en-US\",\"@id\":\"https:\/\/frankit-solutions.com\/nettisivut-yrittajalle-edullisesti-pori\/#primaryimage\",\"url\":\"https:\/\/frankit-solutions.com\/wp-content\/uploads\/2023\/10\/konevalmis2-1-1024x681.png\",\"contentUrl\":\"https:\/\/frankit-solutions.com\/wp-content\/uploads\/2023\/10\/konevalmis2-1-1024x681.png\"},{\"@type\":\"BreadcrumbList\",\"@id\":\"https:\/\/frankit-solutions.com\/nettisivut-yrittajalle-edullisesti-pori\/#breadcrumb\",\"itemListElement\":[{\"@type\":\"ListItem\",\"position\":1,\"name\":\"Home\",\"item\":\"https:\/\/frankit-solutions.com\/\"},{\"@type\":\"ListItem\",\"position\":2,\"name\":\"Nettisivut yritt\u00e4j\u00e4lle edullisesti Pori\"}]},{\"@type\":\"WebSite\",\"@id\":\"https:\/\/frankit-solutions.com\/#website\",\"url\":\"https:\/\/frankit-solutions.com\/\",\"name\":\"Frank IT-Solutions\",\"description\":\"\",\"publisher\":{\"@id\":\"https:\/\/frankit-solutions.com\/#organization\"},\"potentialAction\":[{\"@type\":\"SearchAction\",\"target\":{\"@type\":\"EntryPoint\",\"urlTemplate\":\"https:\/\/frankit-solutions.com\/?s={search_term_string}\"},\"query-input\":{\"@type\":\"PropertyValueSpecification\",\"valueRequired\":true,\"valueName\":\"search_term_string\"}}],\"inLanguage\":\"en-US\"},{\"@type\":\"Organization\",\"@id\":\"https:\/\/frankit-solutions.com\/#organization\",\"name\":\"Frank IT-Solutions\",\"alternateName\":\"Frank IT-Solutions\",\"url\":\"https:\/\/frankit-solutions.com\/\",\"logo\":{\"@type\":\"ImageObject\",\"inLanguage\":\"en-US\",\"@id\":\"https:\/\/frankit-solutions.com\/#\/schema\/logo\/image\/\",\"url\":\"https:\/\/frankit-solutions.com\/wp-content\/uploads\/2023\/07\/logodone.png\",\"contentUrl\":\"https:\/\/frankit-solutions.com\/wp-content\/uploads\/2023\/07\/logodone.png\",\"width\":1000,\"height\":623,\"caption\":\"Frank IT-Solutions\"},\"image\":{\"@id\":\"https:\/\/frankit-solutions.com\/#\/schema\/logo\/image\/\"},\"sameAs\":[\"https:\/\/x.com\/LehtinenJim\"]}]}<\/script>\n<!-- \/ Yoast SEO plugin. -->","yoast_head_json":{"title":"Nettisivut yritt\u00e4j\u00e4lle edullisesti Pori - Frank IT-Solutions","description":"Frank IT-Solutions tarjoaa edullisia ja laadukkaita digimarkkinoinnin ratkaisuja. Projekteissamme meille on t\u00e4rkeint\u00e4 asiakkaan tyytyv\u00e4isyys ja asiakkaan br\u00e4ndin arvojen korostuminen suunnittelu ratkaisuissamme.","robots":{"index":"index","follow":"follow","max-snippet":"max-snippet:-1","max-image-preview":"max-image-preview:large","max-video-preview":"max-video-preview:-1"},"canonical":"https:\/\/frankit-solutions.com\/en\/nettisivut-yrittajalle-edullisesti-pori\/","og_locale":"en_US","og_type":"article","og_title":"Nettisivut yritt\u00e4j\u00e4lle edullisesti Pori - Frank IT-Solutions","og_description":"Frank IT-Solutions tarjoaa edullisia ja laadukkaita digimarkkinoinnin ratkaisuja. Projekteissamme meille on t\u00e4rkeint\u00e4 asiakkaan tyytyv\u00e4isyys ja asiakkaan br\u00e4ndin arvojen korostuminen suunnittelu ratkaisuissamme.","og_url":"https:\/\/frankit-solutions.com\/en\/nettisivut-yrittajalle-edullisesti-pori\/","og_site_name":"Frank IT-Solutions","article_modified_time":"2024-05-15T15:54:41+00:00","og_image":[{"url":"https:\/\/frankit-solutions.com\/wp-content\/uploads\/2023\/10\/konevalmis2-1-1024x681.png"}],"twitter_card":"summary_large_image","twitter_site":"@LehtinenJim","twitter_misc":{"Est. reading time":"2 minutes"},"schema":{"@context":"https:\/\/schema.org","@graph":[{"@type":"WebPage","@id":"https:\/\/frankit-solutions.com\/nettisivut-yrittajalle-edullisesti-pori\/","url":"https:\/\/frankit-solutions.com\/nettisivut-yrittajalle-edullisesti-pori\/","name":"Nettisivut yritt\u00e4j\u00e4lle edullisesti Pori - Frank IT-Solutions","isPartOf":{"@id":"https:\/\/frankit-solutions.com\/#website"},"primaryImageOfPage":{"@id":"https:\/\/frankit-solutions.com\/nettisivut-yrittajalle-edullisesti-pori\/#primaryimage"},"image":{"@id":"https:\/\/frankit-solutions.com\/nettisivut-yrittajalle-edullisesti-pori\/#primaryimage"},"thumbnailUrl":"https:\/\/frankit-solutions.com\/wp-content\/uploads\/2023\/10\/konevalmis2-1-1024x681.png","datePublished":"2024-05-15T15:42:53+00:00","dateModified":"2024-05-15T15:54:41+00:00","description":"Frank IT-Solutions tarjoaa edullisia ja laadukkaita digimarkkinoinnin ratkaisuja. Projekteissamme meille on t\u00e4rkeint\u00e4 asiakkaan tyytyv\u00e4isyys ja asiakkaan br\u00e4ndin arvojen korostuminen suunnittelu ratkaisuissamme.","breadcrumb":{"@id":"https:\/\/frankit-solutions.com\/nettisivut-yrittajalle-edullisesti-pori\/#breadcrumb"},"inLanguage":"en-US","potentialAction":[{"@type":"ReadAction","target":["https:\/\/frankit-solutions.com\/nettisivut-yrittajalle-edullisesti-pori\/"]}]},{"@type":"ImageObject","inLanguage":"en-US","@id":"https:\/\/frankit-solutions.com\/nettisivut-yrittajalle-edullisesti-pori\/#primaryimage","url":"https:\/\/frankit-solutions.com\/wp-content\/uploads\/2023\/10\/konevalmis2-1-1024x681.png","contentUrl":"https:\/\/frankit-solutions.com\/wp-content\/uploads\/2023\/10\/konevalmis2-1-1024x681.png"},{"@type":"BreadcrumbList","@id":"https:\/\/frankit-solutions.com\/nettisivut-yrittajalle-edullisesti-pori\/#breadcrumb","itemListElement":[{"@type":"ListItem","position":1,"name":"Home","item":"https:\/\/frankit-solutions.com\/"},{"@type":"ListItem","position":2,"name":"Nettisivut yritt\u00e4j\u00e4lle edullisesti Pori"}]},{"@type":"WebSite","@id":"https:\/\/frankit-solutions.com\/#website","url":"https:\/\/frankit-solutions.com\/","name":"Frank IT-Solutions","description":"","publisher":{"@id":"https:\/\/frankit-solutions.com\/#organization"},"potentialAction":[{"@type":"SearchAction","target":{"@type":"EntryPoint","urlTemplate":"https:\/\/frankit-solutions.com\/?s={search_term_string}"},"query-input":{"@type":"PropertyValueSpecification","valueRequired":true,"valueName":"search_term_string"}}],"inLanguage":"en-US"},{"@type":"Organization","@id":"https:\/\/frankit-solutions.com\/#organization","name":"Frank IT-Solutions","alternateName":"Frank IT-Solutions","url":"https:\/\/frankit-solutions.com\/","logo":{"@type":"ImageObject","inLanguage":"en-US","@id":"https:\/\/frankit-solutions.com\/#\/schema\/logo\/image\/","url":"https:\/\/frankit-solutions.com\/wp-content\/uploads\/2023\/07\/logodone.png","contentUrl":"https:\/\/frankit-solutions.com\/wp-content\/uploads\/2023\/07\/logodone.png","width":1000,"height":623,"caption":"Frank IT-Solutions"},"image":{"@id":"https:\/\/frankit-solutions.com\/#\/schema\/logo\/image\/"},"sameAs":["https:\/\/x.com\/LehtinenJim"]}]}},"_links":{"self":[{"href":"https:\/\/frankit-solutions.com\/en\/wp-json\/wp\/v2\/pages\/1613"}],"collection":[{"href":"https:\/\/frankit-solutions.com\/en\/wp-json\/wp\/v2\/pages"}],"about":[{"href":"https:\/\/frankit-solutions.com\/en\/wp-json\/wp\/v2\/types\/page"}],"author":[{"embeddable":true,"href":"https:\/\/frankit-solutions.com\/en\/wp-json\/wp\/v2\/users\/1"}],"replies":[{"embeddable":true,"href":"https:\/\/frankit-solutions.com\/en\/wp-json\/wp\/v2\/comments?post=1613"}],"version-history":[{"count":2,"href":"https:\/\/frankit-solutions.com\/en\/wp-json\/wp\/v2\/pages\/1613\/revisions"}],"predecessor-version":[{"id":1624,"href":"https:\/\/frankit-solutions.com\/en\/wp-json\/wp\/v2\/pages\/1613\/revisions\/1624"}],"wp:attachment":[{"href":"https:\/\/frankit-solutions.com\/en\/wp-json\/wp\/v2\/media?parent=1613"}],"curies":[{"name":"wp","href":"https:\/\/api.w.org\/{rel}","templated":true}]}}